{"id":513,"date":"2024-02-23T19:34:57","date_gmt":"2024-02-23T19:34:57","guid":{"rendered":"https:\/\/motostore-ks.com\/?page_id=513"},"modified":"2024-04-14T21:23:48","modified_gmt":"2024-04-14T21:23:48","slug":"per-ne","status":"publish","type":"page","link":"https:\/\/motostore-ks.com\/?page_id=513","title":{"rendered":"P\u00ebr ne"},"content":{"rendered":"<span class=\"scroll-to\" data-label=\"Scroll to: #about\" data-bullet=\"false\" data-link=\"#about\" data-title=\"about\"><a name=\"about\"><\/a><\/span>\n\n\t<section class=\"section\" id=\"section_67400418\">\n\t\t<div class=\"section-bg fill\" >\n\t\t\t\t\t\t\t\t\t\n\t\t\t\n\n\t\t<\/div>\n\n\t\t\n\n\t\t<div class=\"section-content relative\">\n\t\t\t\n\t<div id=\"gap-1227975013\" class=\"gap-element clearfix\" style=\"display:block; height:auto;\">\n\t\t\n<style>\n#gap-1227975013 {\n  padding-top: 6px;\n}\n@media (min-width:550px) {\n  #gap-1227975013 {\n    padding-top: 30px;\n  }\n}\n<\/style>\n\t<\/div>\n\t\n<div class=\"row align-middle align-center\"  id=\"row-1045204503\">\n\n\t<div id=\"col-37609679\" class=\"col medium-12 small-12 large-6\"  >\n\t\t\t\t<div class=\"col-inner\"  >\n\t\t\t\n\t\t\t\n<div class=\"row\"  id=\"row-567515589\">\n\n\t<div id=\"col-1760446045\" class=\"col medium-6 small-12 large-7\"  >\n\t\t\t\t<div class=\"col-inner\"  >\n\t\t\t\n\t\t\t\n\n  <div class=\"banner has-hover\" id=\"banner-1816999027\">\n          <div class=\"banner-inner fill\">\n        <div class=\"banner-bg fill\" >\n            <img loading=\"lazy\" decoding=\"async\" width=\"960\" height=\"960\" src=\"https:\/\/motostore-ks.com\/wp-content\/uploads\/2024\/02\/0001-1.webp\" class=\"bg attachment-large size-large\" alt=\"\" \/>                                    \n                    <\/div>\n\t\t\n        <div class=\"banner-layers container\">\n            <div class=\"fill banner-link\"><\/div>            \n   <div id=\"text-box-1835619205\" class=\"text-box banner-layer x50 md-x50 lg-x50 y50 md-y50 lg-y50 res-text\">\n                                <div class=\"text-box-content text dark\">\n              \n              <div class=\"text-inner text-center\">\n                  \n              <\/div>\n           <\/div>\n                            \n<style>\n#text-box-1835619205 {\n  width: 60%;\n}\n#text-box-1835619205 .text-box-content {\n  font-size: 100%;\n}\n@media (min-width:550px) {\n  #text-box-1835619205 {\n    width: 60%;\n  }\n}\n<\/style>\n    <\/div>\n \n        <\/div>\n      <\/div>\n\n            \n<style>\n#banner-1816999027 {\n  padding-top: 99.99%;\n  background-color: rgba(0, 0, 0, 0);\n}\n@media (min-width:550px) {\n  #banner-1816999027 {\n    padding-top: 150%;\n  }\n}\n@media (min-width:850px) {\n  #banner-1816999027 {\n    padding-top: 117%;\n  }\n}\n<\/style>\n  <\/div>\n\n\n\t\t<\/div>\n\t\t\t\t\t<\/div>\n\n\t\n\n\t<div id=\"col-596974599\" class=\"col medium-6 small-12 large-5\"  >\n\t\t\t\t<div class=\"col-inner\"  >\n\t\t\t\n\t\t\t\n\n  <div class=\"banner has-hover\" id=\"banner-909907827\">\n          <div class=\"banner-inner fill\">\n        <div class=\"banner-bg fill\" >\n            <img loading=\"lazy\" decoding=\"async\" width=\"942\" height=\"558\" src=\"https:\/\/motostore-ks.com\/wp-content\/uploads\/2024\/02\/0002.webp\" class=\"bg attachment-large size-large\" alt=\"\" \/>                                    \n                    <\/div>\n\t\t\n        <div class=\"banner-layers container\">\n            <div class=\"fill banner-link\"><\/div>            \n   <div id=\"text-box-1014322541\" class=\"text-box banner-layer x50 md-x50 lg-x50 y50 md-y50 lg-y50 res-text\">\n                                <div class=\"text-box-content text dark\">\n              \n              <div class=\"text-inner text-center\">\n                  \n              <\/div>\n           <\/div>\n                            \n<style>\n#text-box-1014322541 {\n  width: 60%;\n}\n#text-box-1014322541 .text-box-content {\n  font-size: 100%;\n}\n@media (min-width:550px) {\n  #text-box-1014322541 {\n    width: 60%;\n  }\n}\n<\/style>\n    <\/div>\n \n        <\/div>\n      <\/div>\n\n            \n<style>\n#banner-909907827 {\n  padding-top: 60%;\n  background-color: rgba(0, 0, 0, 0);\n}\n@media (min-width:550px) {\n  #banner-909907827 {\n    padding-top: 76%;\n  }\n}\n@media (min-width:850px) {\n  #banner-909907827 {\n    padding-top: 87%;\n  }\n}\n<\/style>\n  <\/div>\n\n\n\t\t<\/div>\n\t\t\t\t\t<\/div>\n\n\t\n<\/div>\n<div class=\"row align-right\"  id=\"row-308741327\">\n\n\t<div id=\"col-239063057\" class=\"col medium-7 small-12 large-7\"  >\n\t\t\t\t<div class=\"col-inner\"  >\n\t\t\t\n\t\t\t\n\n  <div class=\"banner has-hover\" id=\"banner-355489339\">\n          <div class=\"banner-inner fill\">\n        <div class=\"banner-bg fill\" >\n            <img loading=\"lazy\" decoding=\"async\" width=\"994\" height=\"603\" src=\"https:\/\/motostore-ks.com\/wp-content\/uploads\/2024\/02\/0003.webp\" class=\"bg attachment-large size-large\" alt=\"\" \/>                                    \n                    <\/div>\n\t\t\n        <div class=\"banner-layers container\">\n            <div class=\"fill banner-link\"><\/div>            \n   <div id=\"text-box-423472350\" class=\"text-box banner-layer x50 md-x50 lg-x50 y50 md-y50 lg-y50 res-text\">\n                                <div class=\"text-box-content text dark\">\n              \n              <div class=\"text-inner text-center\">\n                  \n              <\/div>\n           <\/div>\n                            \n<style>\n#text-box-423472350 {\n  width: 60%;\n}\n#text-box-423472350 .text-box-content {\n  font-size: 100%;\n}\n@media (min-width:550px) {\n  #text-box-423472350 {\n    width: 60%;\n  }\n}\n<\/style>\n    <\/div>\n \n        <\/div>\n      <\/div>\n\n            \n<style>\n#banner-355489339 {\n  padding-top: 60%;\n  background-color: rgba(0, 0, 0, 0);\n}\n@media (min-width:550px) {\n  #banner-355489339 {\n    padding-top: 75%;\n  }\n}\n<\/style>\n  <\/div>\n\n\n\t\t<\/div>\n\t\t\t\t\n<style>\n#col-239063057 > .col-inner {\n  margin: 0 0px 0px 0px;\n}\n@media (min-width:550px) {\n  #col-239063057 > .col-inner {\n    margin: -290px 0px 0px 0px;\n  }\n}\n@media (min-width:850px) {\n  #col-239063057 > .col-inner {\n    margin: -165px 0px 0px 0px;\n  }\n}\n<\/style>\n\t<\/div>\n\n\t\n<\/div>\n\t\t<\/div>\n\t\t\t\t\t<\/div>\n\n\t\n\n\t<div id=\"col-1317539066\" class=\"col medium-12 small-12 large-6 small-col-first\"  >\n\t\t\t\t<div class=\"col-inner\"  >\n\t\t\t\n\t\t\t\n\t<div id=\"text-1779284806\" class=\"text\">\n\t\t\n<h2>Moto Store SH.P.K<\/h2>\n\t\t\n<style>\n#text-1779284806 {\n  font-size: 1.3rem;\n}\n<\/style>\n\t<\/div>\n\t\n<p>\u00cbsht\u00eb biznes q\u00eb merret me shit\u00ebblerjen e moto\u00e7ikletave , aksesor\u00ebve p\u00ebr moto\u00e7ikleta, veshmbathjeve dhe paisjeve dhe pjes\u00ebve teknike.<\/p>\n<p>Motostore \u00ebsht\u00eb hapur me 1 Shtator t\u00eb vitit 2023, por kemi filluar fuqish\u00ebm, kjo p\u00ebr faktin se jemi pjes\u00eb e grupeve motoristike dhe pasionant t\u00eb tyre, gj\u00eb q\u00eb na ka dh\u00ebn\u00eb nj\u00eb ndihmes\u00eb t\u00eb madhe n\u00eb biznesin ton\u00eb.<\/p>\n<p>N\u00eb dyqanin ton\u00eb p\u00ebrveq motorave gjeni edhe garderobe, helmeta, dor\u00ebza dhe k\u00ebpuca t\u00eb ndryshme kryesisht t\u00eb brendeve m\u00eb t\u00eb njohura si: Dainese, Alpinstar, BMW, Ducati, Spidi, Triumph, Ixon, Buse, IXS\u2026 si dhe helemta: Shoei, Arai, HJC, Shark, Dainese, BM\u00cb, X-lite, AGV, Bell, IXS, Caberg, Nolan, Airoh\u2026<\/p>\n<p>Ne gjithashtu shesim dhe aksesor\u00eb t\u00eb ndrysh\u00ebm p\u00ebr shum\u00eb brende t\u00eb moto\u00e7ikletave, si: Protektor\u00eb, Paisje te komunikimit, Bagazhe, Mbrojt\u00ebse p\u00ebr motora, Auspuh sportiv\u2026<\/p>\n<p>Pjesa teknike: Vajra per mot\u00e7ikleta t\u00eb ndrysh\u00ebm, goma, zingjir\u00eb, sprej per mi\u00ebrmbajtje dhe pastrim\u2026<\/p>\n<p>Ne jemi t\u00eb rinj\u00eb n\u00eb biznesin e mot\u00e7iklizmit por pasionant t\u00eb tyre, andaj jemi t\u00eb hapur p\u00ebr cdo bashk\u00ebpuntor\u00eb q\u00eb d\u00ebshiron\u00eb t\u00eb b\u00ebj\u00eb biznes me ne dhe t\u00eb rritemi s\u00ebbashku.<\/p>\n\t\t<\/div>\n\t\t\t\t\n<style>\n#col-1317539066 > .col-inner {\n  padding: 0px 0 0px 0px;\n}\n@media (min-width:550px) {\n  #col-1317539066 > .col-inner {\n    padding: 0px 10% 0px 0px;\n  }\n}\n@media (min-width:850px) {\n  #col-1317539066 > .col-inner {\n    padding: 0px 0px 0px 4%;\n  }\n}\n<\/style>\n\t<\/div>\n\n\t\n<\/div>\n\t\t<\/div>\n\n\t\t\n<style>\n#section_67400418 {\n  padding-top: 30px;\n  padding-bottom: 30px;\n}\n<\/style>\n\t<\/section>\n\t\n<span class=\"scroll-to\" data-label=\"Scroll to: #Contact\" data-bullet=\"false\" data-link=\"#Contact\" data-title=\"Kontakti\"><a name=\"Contact\"><\/a><\/span>\n\n\t<section class=\"section\" id=\"section_1334213999\">\n\t\t<div class=\"section-bg fill\" >\n\t\t\t<img loading=\"lazy\" decoding=\"async\" width=\"1839\" height=\"300\" src=\"https:\/\/motostore-ks.com\/wp-content\/uploads\/2024\/02\/bg-home.webp\" class=\"bg attachment-original size-original\" alt=\"\" \/>\t\t\t\t\t\t<div class=\"section-bg-overlay absolute fill\"><\/div>\n\t\t\t\n\n\t\t<\/div>\n\n\t\t\n\n\t\t<div class=\"section-content relative\">\n\t\t\t\n<div class=\"row\"  id=\"row-1882455959\">\n\n\t<div id=\"col-1401671535\" class=\"col medium-4 small-12 large-4\"  >\n\t\t\t\t<div class=\"col-inner\" style=\"background-color:rgb(241, 242, 243);\" >\n\t\t\t\n\t\t\t\n\n\t<a class=\"plain\" href=\"tel:+38348999093\" target=\"_blank\" rel=\"noopener\" >\t<div class=\"icon-box featured-box icon-box-center text-center\"  >\n\t\t\t\t\t<div class=\"icon-box-img\" style=\"width: 45px\">\n\t\t\t\t<div class=\"icon\">\n\t\t\t\t\t<div class=\"icon-inner\" >\n\t\t\t\t\t\t<img loading=\"lazy\" decoding=\"async\" width=\"300\" height=\"300\" src=\"https:\/\/motostore-ks.com\/wp-content\/uploads\/2024\/02\/phone-ringing-300x300-1.webp\" class=\"attachment-medium size-medium\" alt=\"\" srcset=\"https:\/\/motostore-ks.com\/wp-content\/uploads\/2024\/02\/phone-ringing-300x300-1.webp 300w, https:\/\/motostore-ks.com\/wp-content\/uploads\/2024\/02\/phone-ringing-300x300-1-100x100.webp 100w, https:\/\/motostore-ks.com\/wp-content\/uploads\/2024\/02\/phone-ringing-300x300-1-150x150.webp 150w\" sizes=\"auto, (max-width: 300px) 100vw, 300px\" \/>\t\t\t\t\t<\/div>\n\t\t\t\t<\/div>\n\t\t\t<\/div>\n\t\t\t\t<div class=\"icon-box-text last-reset\">\n\t\t\t\t\t\t\t\t\t\n<h4>+383 48 999 093<\/h4>\n\t\t<\/div>\n\t<\/div>\n\t<\/a>\n\t\n\t\t<\/div>\n\t\t\t\t\n<style>\n#col-1401671535 > .col-inner {\n  padding: 18px 30px 15px 30px;\n  border-radius: 7px;\n}\n<\/style>\n\t<\/div>\n\n\t\n\n\t<div id=\"col-2142842808\" class=\"col medium-4 small-12 large-4\"  >\n\t\t\t\t<div class=\"col-inner\" style=\"background-color:rgb(241, 242, 243);\" >\n\t\t\t\n\t\t\t\n\n\t<a class=\"plain\" href=\"mailto:info@motostore-ks.com\" target=\"_blank\" rel=\"noopener\" >\t<div class=\"icon-box featured-box icon-box-center text-center\"  >\n\t\t\t\t\t<div class=\"icon-box-img\" style=\"width: 45px\">\n\t\t\t\t<div class=\"icon\">\n\t\t\t\t\t<div class=\"icon-inner\" >\n\t\t\t\t\t\t<img loading=\"lazy\" decoding=\"async\" width=\"300\" height=\"300\" src=\"https:\/\/motostore-ks.com\/wp-content\/uploads\/2024\/02\/write-mail-300x300-1.webp\" class=\"attachment-medium size-medium\" alt=\"\" srcset=\"https:\/\/motostore-ks.com\/wp-content\/uploads\/2024\/02\/write-mail-300x300-1.webp 300w, https:\/\/motostore-ks.com\/wp-content\/uploads\/2024\/02\/write-mail-300x300-1-100x100.webp 100w, https:\/\/motostore-ks.com\/wp-content\/uploads\/2024\/02\/write-mail-300x300-1-150x150.webp 150w\" sizes=\"auto, (max-width: 300px) 100vw, 300px\" \/>\t\t\t\t\t<\/div>\n\t\t\t\t<\/div>\n\t\t\t<\/div>\n\t\t\t\t<div class=\"icon-box-text last-reset\">\n\t\t\t\t\t\t\t\t\t\n<h4>info@motostore-ks.com<\/h4>\n\t\t<\/div>\n\t<\/div>\n\t<\/a>\n\t\n\t\t<\/div>\n\t\t\t\t\n<style>\n#col-2142842808 > .col-inner {\n  padding: 18px 30px 15px 30px;\n  border-radius: 7px;\n}\n<\/style>\n\t<\/div>\n\n\t\n\n\t<div id=\"col-2116050305\" class=\"col medium-4 small-12 large-4\"  >\n\t\t\t\t<div class=\"col-inner\" style=\"background-color:rgb(241, 242, 243);\" >\n\t\t\t\n\t\t\t\n\n\t<a class=\"plain\" href=\"https:\/\/www.google.com\/maps\/dir\/\/MotoStore,+Nekibe+Kelmendi,+Prishtina+10000\/@42.6302304,21.1620665,17z\/data=!4m17!1m7!3m6!1s0x13549f396e958ebd:0x8c873fb7fa6d9645!2sMotoStore!8m2!3d42.6302304!4d21.1620665!16s%2Fg%2F11vbg4f7vt!4m8!1m0!1m5!1m1!1s0x13549f396e958ebd:0x8c873fb7fa6d9645!2m2!1d21.1620665!2d42.6302304!3e2?entry=ttu\" target=\"_blank\" rel=\"noopener\" >\t<div class=\"icon-box featured-box icon-box-center text-center\"  >\n\t\t\t\t\t<div class=\"icon-box-img\" style=\"width: 45px\">\n\t\t\t\t<div class=\"icon\">\n\t\t\t\t\t<div class=\"icon-inner\" >\n\t\t\t\t\t\t<img loading=\"lazy\" decoding=\"async\" width=\"300\" height=\"300\" src=\"https:\/\/motostore-ks.com\/wp-content\/uploads\/2024\/02\/office-push-pin-300x300-1.webp\" class=\"attachment-medium size-medium\" alt=\"\" srcset=\"https:\/\/motostore-ks.com\/wp-content\/uploads\/2024\/02\/office-push-pin-300x300-1.webp 300w, https:\/\/motostore-ks.com\/wp-content\/uploads\/2024\/02\/office-push-pin-300x300-1-100x100.webp 100w, https:\/\/motostore-ks.com\/wp-content\/uploads\/2024\/02\/office-push-pin-300x300-1-150x150.webp 150w\" sizes=\"auto, (max-width: 300px) 100vw, 300px\" \/>\t\t\t\t\t<\/div>\n\t\t\t\t<\/div>\n\t\t\t<\/div>\n\t\t\t\t<div class=\"icon-box-text last-reset\">\n\t\t\t\t\t\t\t\t\t\n<h4>Rr. Nekibe Kelmendi, Prishtin\u00eb<\/h4>\n\t\t<\/div>\n\t<\/div>\n\t<\/a>\n\t\n\t\t<\/div>\n\t\t\t\t\n<style>\n#col-2116050305 > .col-inner {\n  padding: 18px 30px 15px 30px;\n  border-radius: 7px;\n}\n<\/style>\n\t<\/div>\n\n\t\n<\/div>\n\t\t<\/div>\n\n\t\t\n<style>\n#section_1334213999 {\n  padding-top: 70px;\n  padding-bottom: 70px;\n  background-color: rgb(255, 255, 255);\n}\n#section_1334213999 .section-bg-overlay {\n  background-color: rgba(255, 255, 255, 0.465);\n}\n#section_1334213999 .section-bg img {\n  object-position: 100% 0%;\n}\n<\/style>\n\t<\/section>\n\t\n","protected":false},"excerpt":{"rendered":"","protected":false},"author":1,"featured_media":0,"parent":0,"menu_order":0,"comment_status":"closed","ping_status":"closed","template":"page-blank.php","meta":{"footnotes":""},"class_list":["post-513","page","type-page","status-publish","hentry"],"_links":{"self":[{"href":"https:\/\/motostore-ks.com\/index.php?rest_route=\/wp\/v2\/pages\/513","targetHints":{"allow":["GET"]}}],"collection":[{"href":"https:\/\/motostore-ks.com\/index.php?rest_route=\/wp\/v2\/pages"}],"about":[{"href":"https:\/\/motostore-ks.com\/index.php?rest_route=\/wp\/v2\/types\/page"}],"author":[{"embeddable":true,"href":"https:\/\/motostore-ks.com\/index.php?rest_route=\/wp\/v2\/users\/1"}],"replies":[{"embeddable":true,"href":"https:\/\/motostore-ks.com\/index.php?rest_route=%2Fwp%2Fv2%2Fcomments&post=513"}],"version-history":[{"count":3,"href":"https:\/\/motostore-ks.com\/index.php?rest_route=\/wp\/v2\/pages\/513\/revisions"}],"predecessor-version":[{"id":1171,"href":"https:\/\/motostore-ks.com\/index.php?rest_route=\/wp\/v2\/pages\/513\/revisions\/1171"}],"wp:attachment":[{"href":"https:\/\/motostore-ks.com\/index.php?rest_route=%2Fwp%2Fv2%2Fmedia&parent=513"}],"curies":[{"name":"wp","href":"https:\/\/api.w.org\/{rel}","templated":true}]}}